{"id":168,"date":"2025-10-31T12:19:04","date_gmt":"2025-10-31T18:19:04","guid":{"rendered":"https:\/\/mibsa-trucking.com\/?page_id=168"},"modified":"2025-11-21T14:06:10","modified_gmt":"2025-11-21T20:06:10","slug":"nosotros","status":"publish","type":"page","link":"https:\/\/mibsa-trucking.com\/en\/nosotros\/","title":{"rendered":"About us"},"content":{"rendered":"<div data-elementor-type=\"wp-page\" data-elementor-id=\"168\" class=\"elementor elementor-168\" data-elementor-post-type=\"page\">\n\t\t\t\t<div class=\"elementor-element elementor-element-54ba2ef e-flex e-con-boxed e-con e-parent\" data-id=\"54ba2ef\" data-element_type=\"container\" data-settings=\"{&quot;background_background&quot;:&quot;classic&quot;}\">\n\t\t\t\t\t<div class=\"e-con-inner\">\n\t\t<div class=\"elementor-element elementor-element-a132302 e-con-full e-flex e-con e-child\" data-id=\"a132302\" data-element_type=\"container\">\n\t\t<div class=\"elementor-element elementor-element-665277c e-con-full e-flex e-con e-child\" data-id=\"665277c\" data-element_type=\"container\">\n\t\t\t\t<div class=\"elementor-element elementor-element-f6d5d9f elementor-widget elementor-widget-heading\" data-id=\"f6d5d9f\" data-element_type=\"widget\" data-widget_type=\"heading.default\">\n\t\t\t\t\t<h2 class=\"elementor-heading-title elementor-size-default\">OUR<\/h2>\t\t\t\t<\/div>\n\t\t\t\t<div class=\"elementor-element elementor-element-a3dbb46 elementor-widget__width-initial elementor-widget-mobile__width-initial elementor-fixed elementor-hidden-desktop elementor-hidden-tablet elementor-widget elementor-widget-image\" data-id=\"a3dbb46\" data-element_type=\"widget\" data-settings=\"{&quot;_position&quot;:&quot;fixed&quot;}\" data-widget_type=\"image.default\">\n\t\t\t\t\t\t\t\t\t\t\t\t\t\t\t<img fetchpriority=\"high\" decoding=\"async\" width=\"700\" height=\"500\" src=\"https:\/\/mibsa-trucking.com\/wp-content\/uploads\/2025\/11\/IMG_9490.webp\" class=\"attachment-large size-large wp-image-553\" alt=\"\" srcset=\"https:\/\/mibsa-trucking.com\/wp-content\/uploads\/2025\/11\/IMG_9490.webp 700w, https:\/\/mibsa-trucking.com\/wp-content\/uploads\/2025\/11\/IMG_9490-300x214.webp 300w, https:\/\/mibsa-trucking.com\/wp-content\/uploads\/2025\/11\/IMG_9490-18x12.webp 18w\" sizes=\"(max-width: 700px) 100vw, 700px\" \/>\t\t\t\t\t\t\t\t\t\t\t\t\t\t\t<\/div>\n\t\t\t\t<div class=\"elementor-element elementor-element-d129228 elementor-widget elementor-widget-heading\" data-id=\"d129228\" data-element_type=\"widget\" data-widget_type=\"heading.default\">\n\t\t\t\t\t<h2 class=\"elementor-heading-title elementor-size-default\">HISTORY<\/h2>\t\t\t\t<\/div>\n\t\t\t\t<div class=\"elementor-element elementor-element-393299b elementor-widget elementor-widget-text-editor\" data-id=\"393299b\" data-element_type=\"widget\" data-widget_type=\"text-editor.default\">\n\t\t\t\t\t\t\t\t\t<p>Mibsa Trucking is a Mexican company founded on December 16, 2020, by brothers Carlos and Arturo Ruiz M\u00e1rquez.<\/p><p>Mibsa Trucking was founded out of the need to continue the business activities of its sister company, Maquinaria Industrial del Baj\u00edo.<\/p><p>It entered the market in 2017 with a single cargo truck traveling across the United States, driven directly by its founders.<\/p><p>In early 2021, amid the economic recovery following the COVID-19 pandemic, the company moved its operations to Guanajuato, where it started with just two tractor-trailers and two operators, facing major challenges such as fierce competition in the sector and little influence in the market.<\/p>\t\t\t\t\t\t\t\t<\/div>\n\t\t\t\t<\/div>\n\t\t\t\t<\/div>\n\t\t<div class=\"elementor-element elementor-element-6b16304 e-con-full e-flex e-con e-child\" data-id=\"6b16304\" data-element_type=\"container\">\n\t\t\t\t<div class=\"elementor-element elementor-element-7e356db elementor-hidden-mobile elementor-widget elementor-widget-spacer\" data-id=\"7e356db\" data-element_type=\"widget\" data-widget_type=\"spacer.default\">\n\t\t\t\t\t\t\t<div class=\"elementor-spacer\">\n\t\t\t<div class=\"elementor-spacer-inner\"><\/div>\n\t\t<\/div>\n\t\t\t\t\t\t<\/div>\n\t\t\t\t<div class=\"elementor-element elementor-element-6901ebc elementor-widget__width-initial elementor-widget-tablet__width-initial elementor-fixed elementor-hidden-mobile elementor-widget elementor-widget-image\" data-id=\"6901ebc\" data-element_type=\"widget\" data-settings=\"{&quot;_position&quot;:&quot;fixed&quot;}\" data-widget_type=\"image.default\">\n\t\t\t\t\t\t\t\t\t\t\t\t\t\t\t<img decoding=\"async\" width=\"700\" height=\"500\" src=\"https:\/\/mibsa-trucking.com\/wp-content\/uploads\/2025\/11\/IMG_9490.webp\" class=\"attachment-full size-full wp-image-553\" alt=\"\" srcset=\"https:\/\/mibsa-trucking.com\/wp-content\/uploads\/2025\/11\/IMG_9490.webp 700w, https:\/\/mibsa-trucking.com\/wp-content\/uploads\/2025\/11\/IMG_9490-300x214.webp 300w, https:\/\/mibsa-trucking.com\/wp-content\/uploads\/2025\/11\/IMG_9490-18x12.webp 18w\" sizes=\"(max-width: 700px) 100vw, 700px\" \/>\t\t\t\t\t\t\t\t\t\t\t\t\t\t\t<\/div>\n\t\t\t\t<div class=\"elementor-element elementor-element-89b1e3f elementor-widget elementor-widget-text-editor\" data-id=\"89b1e3f\" data-element_type=\"widget\" data-widget_type=\"text-editor.default\">\n\t\t\t\t\t\t\t\t\t<p><span style=\"font-style: inherit; font-weight: inherit;\">In 2023, Mibsa Trucking took an important step forward by partnering with the logistics company Protrans, based in San Luis Potos\u00ed. This alliance allowed it to expand its operational capacity, strengthen its market presence, and break into the automotive supply chain.<\/span><\/p><p>Today, Mibsa Trucking has earned a place in the industry, establishing itself as one of the newest carriers providing services throughout Mexico and seeking to expand its operations throughout Latin America.<\/p><p>Its vision is clear: to be a company specializing in logistics and transportation services nationwide, recognized for its commitment, innovation, and efficiency, always guaranteeing timely and reliable deliveries for each of its customers.<\/p><p>The values that guide every operation are honesty, trust, commitment to the customer, responsibility, and love for the work.<\/p>\t\t\t\t\t\t\t\t<\/div>\n\t\t\t\t<\/div>\n\t\t\t\t\t<\/div>\n\t\t\t\t<\/div>\n\t\t<div class=\"elementor-element elementor-element-77fe64c e-flex e-con-boxed e-con e-parent\" data-id=\"77fe64c\" data-element_type=\"container\" data-settings=\"{&quot;background_background&quot;:&quot;classic&quot;}\">\n\t\t\t\t\t<div class=\"e-con-inner\">\n\t\t<div class=\"elementor-element elementor-element-f194178 e-con-full e-flex e-con e-child\" data-id=\"f194178\" data-element_type=\"container\">\n\t\t\t\t<\/div>\n\t\t<div class=\"elementor-element elementor-element-552d91a e-con-full e-flex e-con e-child\" data-id=\"552d91a\" data-element_type=\"container\">\n\t\t\t\t<div class=\"elementor-element elementor-element-78800db elementor-absolute elementor-widget elementor-widget-heading\" data-id=\"78800db\" data-element_type=\"widget\" data-settings=\"{&quot;_position&quot;:&quot;absolute&quot;}\" data-widget_type=\"heading.default\">\n\t\t\t\t\t<h2 class=\"elementor-heading-title elementor-size-default\">Who are we?<\/h2>\t\t\t\t<\/div>\n\t\t\t\t<div class=\"elementor-element elementor-element-419106d elementor-absolute elementor-widget-mobile__width-initial elementor-widget elementor-widget-text-editor\" data-id=\"419106d\" data-element_type=\"widget\" data-settings=\"{&quot;_position&quot;:&quot;absolute&quot;}\" data-widget_type=\"text-editor.default\">\n\t\t\t\t\t\t\t\t\t<p>A TRANSPORT COMPANY THAT PROVIDES HEAVY CARGO TRANSPORTATION SERVICES, ACTING AS A BRIDGE BETWEEN PRODUCERS, DISTRIBUTORS, AND END CUSTOMERS.<\/p>\t\t\t\t\t\t\t\t<\/div>\n\t\t\t\t<\/div>\n\t\t\t\t\t<\/div>\n\t\t\t\t<\/div>\n\t\t<div class=\"elementor-element elementor-element-01b8409 e-flex e-con-boxed e-con e-parent\" data-id=\"01b8409\" data-element_type=\"container\" data-settings=\"{&quot;background_background&quot;:&quot;classic&quot;}\">\n\t\t\t\t\t<div class=\"e-con-inner\">\n\t\t<div class=\"elementor-element elementor-element-bf85a95 e-con-full e-flex e-con e-child\" data-id=\"bf85a95\" data-element_type=\"container\">\n\t\t\t\t<div class=\"elementor-element elementor-element-4a6371e elementor-widget elementor-widget-image\" data-id=\"4a6371e\" data-element_type=\"widget\" data-widget_type=\"image.default\">\n\t\t\t\t\t\t\t\t\t\t\t\t\t\t\t<img decoding=\"async\" src=\"https:\/\/mibsa-trucking.com\/wp-content\/uploads\/elementor\/thumbs\/7-rdqmb8te2jx4flr1m95sxj9rcpbg49g6umvbkho2b4.webp\" title=\"7\" alt=\"7\" loading=\"lazy\" \/>\t\t\t\t\t\t\t\t\t\t\t\t\t\t\t<\/div>\n\t\t\t\t<div class=\"elementor-element elementor-element-47ab0b6 elementor-widget elementor-widget-heading\" data-id=\"47ab0b6\" data-element_type=\"widget\" data-widget_type=\"heading.default\">\n\t\t\t\t\t<h2 class=\"elementor-heading-title elementor-size-default\">Mission<\/h2>\t\t\t\t<\/div>\n\t\t\t\t<div class=\"elementor-element elementor-element-ac9fed4 elementor-widget elementor-widget-text-editor\" data-id=\"ac9fed4\" data-element_type=\"widget\" data-widget_type=\"text-editor.default\">\n\t\t\t\t\t\t\t\t\t<p class=\"translation-block\">Earning our place in the sector, as we have established ourselves as one of the newest transport companies providing services throughout Mexico and seeking to expand the sector to all of Latin America.<\/p>\t\t\t\t\t\t\t\t<\/div>\n\t\t\t\t<\/div>\n\t\t<div class=\"elementor-element elementor-element-1d55f3e e-con-full e-flex e-con e-child\" data-id=\"1d55f3e\" data-element_type=\"container\">\n\t\t<div class=\"elementor-element elementor-element-8a1e5a7 e-con-full e-flex e-con e-child\" data-id=\"8a1e5a7\" data-element_type=\"container\">\n\t\t\t\t<div class=\"elementor-element elementor-element-9da6d21 elementor-widget elementor-widget-image\" data-id=\"9da6d21\" data-element_type=\"widget\" data-widget_type=\"image.default\">\n\t\t\t\t\t\t\t\t\t\t\t\t\t\t\t<img decoding=\"async\" src=\"https:\/\/mibsa-trucking.com\/wp-content\/uploads\/elementor\/thumbs\/8-rdqmb9r89dyer7pogrkfi117y36tbyjx6rit1rmo4w.webp\" title=\"8\" alt=\"8\" loading=\"lazy\" \/>\t\t\t\t\t\t\t\t\t\t\t\t\t\t\t<\/div>\n\t\t\t\t<div class=\"elementor-element elementor-element-c836d3b elementor-widget elementor-widget-heading\" data-id=\"c836d3b\" data-element_type=\"widget\" data-widget_type=\"heading.default\">\n\t\t\t\t\t<h2 class=\"elementor-heading-title elementor-size-default\">Vision<\/h2>\t\t\t\t<\/div>\n\t\t\t\t<div class=\"elementor-element elementor-element-ca15453 elementor-widget elementor-widget-text-editor\" data-id=\"ca15453\" data-element_type=\"widget\" data-widget_type=\"text-editor.default\">\n\t\t\t\t\t\t\t\t\t<p class=\"translation-block\">Our vision is clear: <br>to be a company<br>specializing in<br>logistics and transportation services<br>at the national level, recognized<br>for its commitment,<br>innovation, and efficiency,<br>always guaranteeing<br>timely and reliable deliveries<br>for each of its customers.<\/p>\t\t\t\t\t\t\t\t<\/div>\n\t\t\t\t<\/div>\n\t\t\t\t<\/div>\n\t\t<div class=\"elementor-element elementor-element-cfa9a99 e-con-full e-flex e-con e-child\" data-id=\"cfa9a99\" data-element_type=\"container\">\n\t\t<div class=\"elementor-element elementor-element-a37dd94 e-con-full e-flex e-con e-child\" data-id=\"a37dd94\" data-element_type=\"container\">\n\t\t\t\t<div class=\"elementor-element elementor-element-a15a119 elementor-widget elementor-widget-image\" data-id=\"a15a119\" data-element_type=\"widget\" data-widget_type=\"image.default\">\n\t\t\t\t\t\t\t\t\t\t\t\t\t\t\t<img decoding=\"async\" src=\"https:\/\/mibsa-trucking.com\/wp-content\/uploads\/elementor\/thumbs\/9-rdqmbap2g7zp2tobb9z22isojh26jnnniw6aj1l9yo.webp\" title=\"9\" alt=\"9\" loading=\"lazy\" \/>\t\t\t\t\t\t\t\t\t\t\t\t\t\t\t<\/div>\n\t\t\t\t<div class=\"elementor-element elementor-element-4d2d909 elementor-widget elementor-widget-heading\" data-id=\"4d2d909\" data-element_type=\"widget\" data-widget_type=\"heading.default\">\n\t\t\t\t\t<h2 class=\"elementor-heading-title elementor-size-default\">Values<\/h2>\t\t\t\t<\/div>\n\t\t\t\t<div class=\"elementor-element elementor-element-fa70402 elementor-widget elementor-widget-text-editor\" data-id=\"fa70402\" data-element_type=\"widget\" data-widget_type=\"text-editor.default\">\n\t\t\t\t\t\t\t\t\t<p>The values that guide each operation are:<\/p><ul><li><strong>Honesty<\/strong><\/li><li><strong>The trust<\/strong><\/li><li><strong>Commitment to the customer<\/strong><\/li><li><strong>Responsibility<\/strong><\/li><li><strong>Love for work<\/strong><\/li><\/ul>\t\t\t\t\t\t\t\t<\/div>\n\t\t\t\t<\/div>\n\t\t\t\t<\/div>\n\t\t\t\t\t<\/div>\n\t\t\t\t<\/div>\n\t\t\t\t<\/div>","protected":false},"excerpt":{"rendered":"<p>Nuestra Historia Mibsa Trucking es una empresa mexicana fundada el 16 de diciembre del 2020 por los hermanos Carlos y [&hellip;]<\/p>","protected":false},"author":1,"featured_media":327,"parent":0,"menu_order":0,"comment_status":"closed","ping_status":"closed","template":"","meta":{"site-sidebar-layout":"no-sidebar","site-content-layout":"","ast-site-content-layout":"full-width-container","site-content-style":"default","site-sidebar-style":"default","ast-global-header-display":"","ast-banner-title-visibility":"","ast-main-header-display":"","ast-hfb-above-header-display":"","ast-hfb-below-header-display":"","ast-hfb-mobile-header-display":"","site-post-title":"","ast-breadcrumbs-content":"","ast-featured-img":"disabled","footer-sml-layout":"","theme-transparent-header-meta":"","adv-header-id-meta":"","stick-header-meta":"","header-above-stick-meta":"","header-main-stick-meta":"","header-below-stick-meta":"","astra-migrate-meta-layouts":"default","ast-page-background-enabled":"default","ast-page-background-meta":{"desktop":{"background-color":"var(--ast-global-color-5)","background-image":"","background-repeat":"repeat","background-position":"center center","background-size":"auto","background-attachment":"scroll","background-type":"","background-media":"","overlay-type":"","overlay-color":"","overlay-opacity":"","overlay-gradient":""},"tablet":{"background-color":"","background-image":"","background-repeat":"repeat","background-position":"center center","background-size":"auto","background-attachment":"scroll","background-type":"","background-media":"","overlay-type":"","overlay-color":"","overlay-opacity":"","overlay-gradient":""},"mobile":{"background-color":"","background-image":"","background-repeat":"repeat","background-position":"center center","background-size":"auto","background-attachment":"scroll","background-type":"","background-media":"","overlay-type":"","overlay-color":"","overlay-opacity":"","overlay-gradient":""}},"ast-content-background-meta":{"desktop":{"background-color":"var(--ast-global-color-4)","background-image":"","background-repeat":"repeat","background-position":"center center","background-size":"auto","background-attachment":"scroll","background-type":"","background-media":"","overlay-type":"","overlay-color":"","overlay-opacity":"","overlay-gradient":""},"tablet":{"background-color":"var(--ast-global-color-4)","background-image":"","background-repeat":"repeat","background-position":"center center","background-size":"auto","background-attachment":"scroll","background-type":"","background-media":"","overlay-type":"","overlay-color":"","overlay-opacity":"","overlay-gradient":""},"mobile":{"background-color":"var(--ast-global-color-4)","background-image":"","background-repeat":"repeat","background-position":"center center","background-size":"auto","background-attachment":"scroll","background-type":"","background-media":"","overlay-type":"","overlay-color":"","overlay-opacity":"","overlay-gradient":""}},"footnotes":""},"class_list":["post-168","page","type-page","status-publish","has-post-thumbnail","hentry"],"yoast_head":"<!-- This site is optimized with the Yoast SEO plugin v26.4 - https:\/\/yoast.com\/wordpress\/plugins\/seo\/ -->\n<title>Nuestra Historia, Trayectoria y Misi\u00f3n | Mibsa Trucking<\/title>\n<meta name=\"description\" content=\"Conoce al equipo y la trayectoria de Mibsa Trucking. Somos l\u00edderes en transporte de carga en M\u00e9xico. Descubre nuestros valores de eficiencia.\" \/>\n<meta name=\"robots\" content=\"index, follow, max-snippet:-1, max-image-preview:large, max-video-preview:-1\" \/>\n<link rel=\"canonical\" href=\"https:\/\/mibsa-trucking.com\/en\/nosotros\/\" \/>\n<meta property=\"og:locale\" content=\"en_US\" \/>\n<meta property=\"og:type\" content=\"article\" \/>\n<meta property=\"og:title\" content=\"Nuestra Historia, Trayectoria y Misi\u00f3n | Mibsa Trucking\" \/>\n<meta property=\"og:description\" content=\"Conoce al equipo y la trayectoria de Mibsa Trucking. Somos l\u00edderes en transporte de carga en M\u00e9xico. Descubre nuestros valores de eficiencia.\" \/>\n<meta property=\"og:url\" content=\"https:\/\/mibsa-trucking.com\/en\/nosotros\/\" \/>\n<meta property=\"og:site_name\" content=\"Mibsa Trucking\" \/>\n<meta property=\"article:modified_time\" content=\"2025-11-21T20:06:10+00:00\" \/>\n<meta property=\"og:image\" content=\"https:\/\/mibsa-trucking.com\/wp-content\/uploads\/2025\/11\/cropped-logo-mibsa-1.webp\" \/>\n\t<meta property=\"og:image:width\" content=\"512\" \/>\n\t<meta property=\"og:image:height\" content=\"512\" \/>\n\t<meta property=\"og:image:type\" content=\"image\/webp\" \/>\n<meta name=\"twitter:card\" content=\"summary_large_image\" \/>\n<meta name=\"twitter:label1\" content=\"Est. reading time\" \/>\n\t<meta name=\"twitter:data1\" content=\"3 minutes\" \/>\n<script type=\"application\/ld+json\" class=\"yoast-schema-graph\">{\"@context\":\"https:\/\/schema.org\",\"@graph\":[{\"@type\":\"WebPage\",\"@id\":\"https:\/\/mibsa-trucking.com\/nosotros\/\",\"url\":\"https:\/\/mibsa-trucking.com\/nosotros\/\",\"name\":\"Nuestra Historia, Trayectoria y Misi\u00f3n | Mibsa Trucking\",\"isPartOf\":{\"@id\":\"https:\/\/mibsa-trucking.com\/#website\"},\"primaryImageOfPage\":{\"@id\":\"https:\/\/mibsa-trucking.com\/nosotros\/#primaryimage\"},\"image\":{\"@id\":\"https:\/\/mibsa-trucking.com\/nosotros\/#primaryimage\"},\"thumbnailUrl\":\"https:\/\/mibsa-trucking.com\/wp-content\/uploads\/2025\/11\/cropped-logo-mibsa-1.webp\",\"datePublished\":\"2025-10-31T18:19:04+00:00\",\"dateModified\":\"2025-11-21T20:06:10+00:00\",\"description\":\"Conoce al equipo y la trayectoria de Mibsa Trucking. Somos l\u00edderes en transporte de carga en M\u00e9xico. Descubre nuestros valores de eficiencia.\",\"breadcrumb\":{\"@id\":\"https:\/\/mibsa-trucking.com\/nosotros\/#breadcrumb\"},\"inLanguage\":\"en-US\",\"potentialAction\":[{\"@type\":\"ReadAction\",\"target\":[\"https:\/\/mibsa-trucking.com\/nosotros\/\"]}]},{\"@type\":\"ImageObject\",\"inLanguage\":\"en-US\",\"@id\":\"https:\/\/mibsa-trucking.com\/nosotros\/#primaryimage\",\"url\":\"https:\/\/mibsa-trucking.com\/wp-content\/uploads\/2025\/11\/cropped-logo-mibsa-1.webp\",\"contentUrl\":\"https:\/\/mibsa-trucking.com\/wp-content\/uploads\/2025\/11\/cropped-logo-mibsa-1.webp\",\"width\":512,\"height\":512,\"caption\":\"Logo mibsa trucking\"},{\"@type\":\"BreadcrumbList\",\"@id\":\"https:\/\/mibsa-trucking.com\/nosotros\/#breadcrumb\",\"itemListElement\":[{\"@type\":\"ListItem\",\"position\":1,\"name\":\"Inicio\",\"item\":\"https:\/\/mibsa-trucking.com\/\"},{\"@type\":\"ListItem\",\"position\":2,\"name\":\"Nosotros\"}]},{\"@type\":\"WebSite\",\"@id\":\"https:\/\/mibsa-trucking.com\/#website\",\"url\":\"https:\/\/mibsa-trucking.com\/\",\"name\":\"Mibsa Trucking\",\"description\":\"\",\"publisher\":{\"@id\":\"https:\/\/mibsa-trucking.com\/#organization\"},\"potentialAction\":[{\"@type\":\"SearchAction\",\"target\":{\"@type\":\"EntryPoint\",\"urlTemplate\":\"https:\/\/mibsa-trucking.com\/?s={search_term_string}\"},\"query-input\":{\"@type\":\"PropertyValueSpecification\",\"valueRequired\":true,\"valueName\":\"search_term_string\"}}],\"inLanguage\":\"en-US\"},{\"@type\":\"Organization\",\"@id\":\"https:\/\/mibsa-trucking.com\/#organization\",\"name\":\"Mibsa Trucking\",\"url\":\"https:\/\/mibsa-trucking.com\/\",\"logo\":{\"@type\":\"ImageObject\",\"inLanguage\":\"en-US\",\"@id\":\"https:\/\/mibsa-trucking.com\/#\/schema\/logo\/image\/\",\"url\":\"https:\/\/mibsa-trucking.com\/wp-content\/uploads\/2025\/11\/cropped-logo-mibsa.webp\",\"contentUrl\":\"https:\/\/mibsa-trucking.com\/wp-content\/uploads\/2025\/11\/cropped-logo-mibsa.webp\",\"width\":500,\"height\":167,\"caption\":\"Mibsa Trucking\"},\"image\":{\"@id\":\"https:\/\/mibsa-trucking.com\/#\/schema\/logo\/image\/\"}}]}<\/script>\n<!-- \/ Yoast SEO plugin. -->","yoast_head_json":{"title":"Nuestra Historia, Trayectoria y Misi\u00f3n | Mibsa Trucking","description":"Conoce al equipo y la trayectoria de Mibsa Trucking. Somos l\u00edderes en transporte de carga en M\u00e9xico. Descubre nuestros valores de eficiencia.","robots":{"index":"index","follow":"follow","max-snippet":"max-snippet:-1","max-image-preview":"max-image-preview:large","max-video-preview":"max-video-preview:-1"},"canonical":"https:\/\/mibsa-trucking.com\/en\/nosotros\/","og_locale":"en_US","og_type":"article","og_title":"Nuestra Historia, Trayectoria y Misi\u00f3n | Mibsa Trucking","og_description":"Conoce al equipo y la trayectoria de Mibsa Trucking. Somos l\u00edderes en transporte de carga en M\u00e9xico. Descubre nuestros valores de eficiencia.","og_url":"https:\/\/mibsa-trucking.com\/en\/nosotros\/","og_site_name":"Mibsa Trucking","article_modified_time":"2025-11-21T20:06:10+00:00","og_image":[{"width":512,"height":512,"url":"https:\/\/mibsa-trucking.com\/wp-content\/uploads\/2025\/11\/cropped-logo-mibsa-1.webp","type":"image\/webp"}],"twitter_card":"summary_large_image","twitter_misc":{"Est. reading time":"3 minutes"},"schema":{"@context":"https:\/\/schema.org","@graph":[{"@type":"WebPage","@id":"https:\/\/mibsa-trucking.com\/nosotros\/","url":"https:\/\/mibsa-trucking.com\/nosotros\/","name":"Nuestra Historia, Trayectoria y Misi\u00f3n | Mibsa Trucking","isPartOf":{"@id":"https:\/\/mibsa-trucking.com\/#website"},"primaryImageOfPage":{"@id":"https:\/\/mibsa-trucking.com\/nosotros\/#primaryimage"},"image":{"@id":"https:\/\/mibsa-trucking.com\/nosotros\/#primaryimage"},"thumbnailUrl":"https:\/\/mibsa-trucking.com\/wp-content\/uploads\/2025\/11\/cropped-logo-mibsa-1.webp","datePublished":"2025-10-31T18:19:04+00:00","dateModified":"2025-11-21T20:06:10+00:00","description":"Conoce al equipo y la trayectoria de Mibsa Trucking. Somos l\u00edderes en transporte de carga en M\u00e9xico. Descubre nuestros valores de eficiencia.","breadcrumb":{"@id":"https:\/\/mibsa-trucking.com\/nosotros\/#breadcrumb"},"inLanguage":"en-US","potentialAction":[{"@type":"ReadAction","target":["https:\/\/mibsa-trucking.com\/nosotros\/"]}]},{"@type":"ImageObject","inLanguage":"en-US","@id":"https:\/\/mibsa-trucking.com\/nosotros\/#primaryimage","url":"https:\/\/mibsa-trucking.com\/wp-content\/uploads\/2025\/11\/cropped-logo-mibsa-1.webp","contentUrl":"https:\/\/mibsa-trucking.com\/wp-content\/uploads\/2025\/11\/cropped-logo-mibsa-1.webp","width":512,"height":512,"caption":"Logo mibsa trucking"},{"@type":"BreadcrumbList","@id":"https:\/\/mibsa-trucking.com\/nosotros\/#breadcrumb","itemListElement":[{"@type":"ListItem","position":1,"name":"Inicio","item":"https:\/\/mibsa-trucking.com\/"},{"@type":"ListItem","position":2,"name":"Nosotros"}]},{"@type":"WebSite","@id":"https:\/\/mibsa-trucking.com\/#website","url":"https:\/\/mibsa-trucking.com\/","name":"Mibsa Trucking","description":"","publisher":{"@id":"https:\/\/mibsa-trucking.com\/#organization"},"potentialAction":[{"@type":"SearchAction","target":{"@type":"EntryPoint","urlTemplate":"https:\/\/mibsa-trucking.com\/?s={search_term_string}"},"query-input":{"@type":"PropertyValueSpecification","valueRequired":true,"valueName":"search_term_string"}}],"inLanguage":"en-US"},{"@type":"Organization","@id":"https:\/\/mibsa-trucking.com\/#organization","name":"Mibsa Trucking","url":"https:\/\/mibsa-trucking.com\/","logo":{"@type":"ImageObject","inLanguage":"en-US","@id":"https:\/\/mibsa-trucking.com\/#\/schema\/logo\/image\/","url":"https:\/\/mibsa-trucking.com\/wp-content\/uploads\/2025\/11\/cropped-logo-mibsa.webp","contentUrl":"https:\/\/mibsa-trucking.com\/wp-content\/uploads\/2025\/11\/cropped-logo-mibsa.webp","width":500,"height":167,"caption":"Mibsa Trucking"},"image":{"@id":"https:\/\/mibsa-trucking.com\/#\/schema\/logo\/image\/"}}]}},"_links":{"self":[{"href":"https:\/\/mibsa-trucking.com\/en\/wp-json\/wp\/v2\/pages\/168","targetHints":{"allow":["GET"]}}],"collection":[{"href":"https:\/\/mibsa-trucking.com\/en\/wp-json\/wp\/v2\/pages"}],"about":[{"href":"https:\/\/mibsa-trucking.com\/en\/wp-json\/wp\/v2\/types\/page"}],"author":[{"embeddable":true,"href":"https:\/\/mibsa-trucking.com\/en\/wp-json\/wp\/v2\/users\/1"}],"replies":[{"embeddable":true,"href":"https:\/\/mibsa-trucking.com\/en\/wp-json\/wp\/v2\/comments?post=168"}],"version-history":[{"count":38,"href":"https:\/\/mibsa-trucking.com\/en\/wp-json\/wp\/v2\/pages\/168\/revisions"}],"predecessor-version":[{"id":574,"href":"https:\/\/mibsa-trucking.com\/en\/wp-json\/wp\/v2\/pages\/168\/revisions\/574"}],"wp:featuredmedia":[{"embeddable":true,"href":"https:\/\/mibsa-trucking.com\/en\/wp-json\/wp\/v2\/media\/327"}],"wp:attachment":[{"href":"https:\/\/mibsa-trucking.com\/en\/wp-json\/wp\/v2\/media?parent=168"}],"curies":[{"name":"wp","href":"https:\/\/api.w.org\/{rel}","templated":true}]}}