{"id":198,"date":"2025-11-01T17:45:09","date_gmt":"2025-11-01T23:45:09","guid":{"rendered":"https:\/\/mibsa-trucking.com\/?page_id=198"},"modified":"2025-11-21T14:05:46","modified_gmt":"2025-11-21T20:05:46","slug":"blog","status":"publish","type":"page","link":"https:\/\/mibsa-trucking.com\/en\/blog\/","title":{"rendered":"Blog"},"content":{"rendered":"<div data-elementor-type=\"wp-page\" data-elementor-id=\"198\" class=\"elementor elementor-198\" data-elementor-post-type=\"page\">\n\t\t\t\t<div class=\"elementor-element elementor-element-7bde323 e-flex e-con-boxed e-con e-parent\" data-id=\"7bde323\" data-element_type=\"container\" data-settings=\"{&quot;background_background&quot;:&quot;classic&quot;}\">\n\t\t\t\t\t<div class=\"e-con-inner\">\n\t\t<div class=\"elementor-element elementor-element-80050ac e-con-full e-flex e-con e-child\" data-id=\"80050ac\" data-element_type=\"container\">\n\t\t\t\t<div class=\"elementor-element elementor-element-b36f669 eael-dual-header-content-align-left elementor-widget elementor-widget-eael-dual-color-header\" data-id=\"b36f669\" data-element_type=\"widget\" data-widget_type=\"eael-dual-color-header.default\">\n\t\t\t\t\t\t\t\t<div class=\"eael-dual-header\">\n\t\t\t\t<h2 class=\"title eael-dch-title translation-block\"><span class=\"eael-dch-title-text eael-dch-title-lead lead solid-color\">News<\/span> <span class=\"eael-dch-title-text\">blog<\/span><\/h2>\t\t\t<\/div>\n\n\t\t\t\t\t\t<\/div>\n\t\t\t\t<\/div>\n\t\t<div class=\"elementor-element elementor-element-c38a81d e-con-full e-flex e-con e-child\" data-id=\"c38a81d\" data-element_type=\"container\">\n\t\t\t\t<div class=\"elementor-element elementor-element-2422aef elementor-absolute elementor-widget elementor-widget-image\" data-id=\"2422aef\" data-element_type=\"widget\" data-settings=\"{&quot;_position&quot;:&quot;absolute&quot;}\" data-widget_type=\"image.default\">\n\t\t\t\t\t\t\t\t\t\t\t\t\t\t\t<img decoding=\"async\" src=\"https:\/\/mibsa-trucking.com\/wp-content\/uploads\/elementor\/thumbs\/10-rdqmbckqtw29q1ll0asb7iblq8swz1v475h9hlihm8.webp\" title=\"10\" alt=\"10\" loading=\"lazy\" \/>\t\t\t\t\t\t\t\t\t\t\t\t\t\t\t<\/div>\n\t\t\t\t<\/div>\n\t\t<div class=\"elementor-element elementor-element-6e94368 e-con-full e-flex e-con e-child\" data-id=\"6e94368\" data-element_type=\"container\">\n\t\t\t\t<\/div>\n\t\t<div class=\"elementor-element elementor-element-6f6c1bd e-con-full e-flex e-con e-child\" data-id=\"6f6c1bd\" data-element_type=\"container\">\n\t\t\t\t<\/div>\n\t\t\t\t\t<\/div>\n\t\t\t\t<\/div>\n\t\t<div class=\"elementor-element elementor-element-4747969 e-flex e-con-boxed e-con e-parent\" data-id=\"4747969\" data-element_type=\"container\">\n\t\t\t\t\t<div class=\"e-con-inner\">\n\t\t<div class=\"elementor-element elementor-element-c036d10 e-con-full e-flex e-con e-child\" data-id=\"c036d10\" data-element_type=\"container\">\n\t\t\t\t<div class=\"elementor-element elementor-element-b638d14 elementor-widget elementor-widget-hfe-basic-posts\" data-id=\"b638d14\" data-element_type=\"widget\" data-widget_type=\"hfe-basic-posts.default\">\n\t\t\t\t<div class=\"elementor-widget-container\">\n\t\t\t\t\t<p>No posts found.<\/p>\t\t\t\t<\/div>\n\t\t\t\t<\/div>\n\t\t\t\t<\/div>\n\t\t\t\t\t<\/div>\n\t\t\t\t<\/div>\n\t\t\t\t<\/div>","protected":false},"excerpt":{"rendered":"<p>blog noticias Hello world! 14\/10\/2025 | by ismaeldurangomez01@gmail.com Welcome to WordPress. This is your first post. Edit or delete it, [&hellip;]<\/p>","protected":false},"author":1,"featured_media":327,"parent":0,"menu_order":0,"comment_status":"closed","ping_status":"closed","template":"","meta":{"site-sidebar-layout":"no-sidebar","site-content-layout":"","ast-site-content-layout":"full-width-container","site-content-style":"default","site-sidebar-style":"default","ast-global-header-display":"","ast-banner-title-visibility":"","ast-main-header-display":"","ast-hfb-above-header-display":"","ast-hfb-below-header-display":"","ast-hfb-mobile-header-display":"","site-post-title":"","ast-breadcrumbs-content":"","ast-featured-img":"disabled","footer-sml-layout":"","theme-transparent-header-meta":"","adv-header-id-meta":"","stick-header-meta":"","header-above-stick-meta":"","header-main-stick-meta":"","header-below-stick-meta":"","astra-migrate-meta-layouts":"default","ast-page-background-enabled":"default","ast-page-background-meta":{"desktop":{"background-color":"var(--ast-global-color-5)","background-image":"","background-repeat":"repeat","background-position":"center center","background-size":"auto","background-attachment":"scroll","background-type":"","background-media":"","overlay-type":"","overlay-color":"","overlay-opacity":"","overlay-gradient":""},"tablet":{"background-color":"","background-image":"","background-repeat":"repeat","background-position":"center center","background-size":"auto","background-attachment":"scroll","background-type":"","background-media":"","overlay-type":"","overlay-color":"","overlay-opacity":"","overlay-gradient":""},"mobile":{"background-color":"","background-image":"","background-repeat":"repeat","background-position":"center center","background-size":"auto","background-attachment":"scroll","background-type":"","background-media":"","overlay-type":"","overlay-color":"","overlay-opacity":"","overlay-gradient":""}},"ast-content-background-meta":{"desktop":{"background-color":"var(--ast-global-color-4)","background-image":"","background-repeat":"repeat","background-position":"center center","background-size":"auto","background-attachment":"scroll","background-type":"","background-media":"","overlay-type":"","overlay-color":"","overlay-opacity":"","overlay-gradient":""},"tablet":{"background-color":"var(--ast-global-color-4)","background-image":"","background-repeat":"repeat","background-position":"center center","background-size":"auto","background-attachment":"scroll","background-type":"","background-media":"","overlay-type":"","overlay-color":"","overlay-opacity":"","overlay-gradient":""},"mobile":{"background-color":"var(--ast-global-color-4)","background-image":"","background-repeat":"repeat","background-position":"center center","background-size":"auto","background-attachment":"scroll","background-type":"","background-media":"","overlay-type":"","overlay-color":"","overlay-opacity":"","overlay-gradient":""}},"footnotes":""},"class_list":["post-198","page","type-page","status-publish","has-post-thumbnail","hentry"],"yoast_head":"<!-- This site is optimized with the Yoast SEO plugin v26.4 - https:\/\/yoast.com\/wordpress\/plugins\/seo\/ -->\n<title>Blog de Log\u00edstica y Noticias de Transporte en M\u00e9xico<\/title>\n<meta name=\"description\" content=\"Art\u00edculos y tendencias clave sobre el transporte de carga, normativas y consejos de log\u00edstica para optimizar tu cadena de suministro.\" \/>\n<meta name=\"robots\" content=\"index, follow, max-snippet:-1, max-image-preview:large, max-video-preview:-1\" \/>\n<link rel=\"canonical\" href=\"https:\/\/mibsa-trucking.com\/en\/blog\/\" \/>\n<meta property=\"og:locale\" content=\"en_US\" \/>\n<meta property=\"og:type\" content=\"article\" \/>\n<meta property=\"og:title\" content=\"Blog de Log\u00edstica y Noticias de Transporte en M\u00e9xico\" \/>\n<meta property=\"og:description\" content=\"Art\u00edculos y tendencias clave sobre el transporte de carga, normativas y consejos de log\u00edstica para optimizar tu cadena de suministro.\" \/>\n<meta property=\"og:url\" content=\"https:\/\/mibsa-trucking.com\/en\/blog\/\" \/>\n<meta property=\"og:site_name\" content=\"Mibsa Trucking\" \/>\n<meta property=\"article:modified_time\" content=\"2025-11-21T20:05:46+00:00\" \/>\n<meta property=\"og:image\" content=\"https:\/\/mibsa-trucking.com\/wp-content\/uploads\/2025\/11\/cropped-logo-mibsa-1.webp\" \/>\n\t<meta property=\"og:image:width\" content=\"512\" \/>\n\t<meta property=\"og:image:height\" content=\"512\" \/>\n\t<meta property=\"og:image:type\" content=\"image\/webp\" \/>\n<meta name=\"twitter:card\" content=\"summary_large_image\" \/>\n<meta name=\"twitter:label1\" content=\"Est. reading time\" \/>\n\t<meta name=\"twitter:data1\" content=\"1 minute\" \/>\n<script type=\"application\/ld+json\" class=\"yoast-schema-graph\">{\"@context\":\"https:\/\/schema.org\",\"@graph\":[{\"@type\":\"WebPage\",\"@id\":\"https:\/\/mibsa-trucking.com\/blog\/\",\"url\":\"https:\/\/mibsa-trucking.com\/blog\/\",\"name\":\"Blog de Log\u00edstica y Noticias de Transporte en M\u00e9xico\",\"isPartOf\":{\"@id\":\"https:\/\/mibsa-trucking.com\/#website\"},\"primaryImageOfPage\":{\"@id\":\"https:\/\/mibsa-trucking.com\/blog\/#primaryimage\"},\"image\":{\"@id\":\"https:\/\/mibsa-trucking.com\/blog\/#primaryimage\"},\"thumbnailUrl\":\"https:\/\/mibsa-trucking.com\/wp-content\/uploads\/2025\/11\/cropped-logo-mibsa-1.webp\",\"datePublished\":\"2025-11-01T23:45:09+00:00\",\"dateModified\":\"2025-11-21T20:05:46+00:00\",\"description\":\"Art\u00edculos y tendencias clave sobre el transporte de carga, normativas y consejos de log\u00edstica para optimizar tu cadena de suministro.\",\"breadcrumb\":{\"@id\":\"https:\/\/mibsa-trucking.com\/blog\/#breadcrumb\"},\"inLanguage\":\"en-US\",\"potentialAction\":[{\"@type\":\"ReadAction\",\"target\":[\"https:\/\/mibsa-trucking.com\/blog\/\"]}]},{\"@type\":\"ImageObject\",\"inLanguage\":\"en-US\",\"@id\":\"https:\/\/mibsa-trucking.com\/blog\/#primaryimage\",\"url\":\"https:\/\/mibsa-trucking.com\/wp-content\/uploads\/2025\/11\/cropped-logo-mibsa-1.webp\",\"contentUrl\":\"https:\/\/mibsa-trucking.com\/wp-content\/uploads\/2025\/11\/cropped-logo-mibsa-1.webp\",\"width\":512,\"height\":512,\"caption\":\"Logo mibsa trucking\"},{\"@type\":\"BreadcrumbList\",\"@id\":\"https:\/\/mibsa-trucking.com\/blog\/#breadcrumb\",\"itemListElement\":[{\"@type\":\"ListItem\",\"position\":1,\"name\":\"Inicio\",\"item\":\"https:\/\/mibsa-trucking.com\/\"},{\"@type\":\"ListItem\",\"position\":2,\"name\":\"Blog\"}]},{\"@type\":\"WebSite\",\"@id\":\"https:\/\/mibsa-trucking.com\/#website\",\"url\":\"https:\/\/mibsa-trucking.com\/\",\"name\":\"Mibsa Trucking\",\"description\":\"\",\"publisher\":{\"@id\":\"https:\/\/mibsa-trucking.com\/#organization\"},\"potentialAction\":[{\"@type\":\"SearchAction\",\"target\":{\"@type\":\"EntryPoint\",\"urlTemplate\":\"https:\/\/mibsa-trucking.com\/?s={search_term_string}\"},\"query-input\":{\"@type\":\"PropertyValueSpecification\",\"valueRequired\":true,\"valueName\":\"search_term_string\"}}],\"inLanguage\":\"en-US\"},{\"@type\":\"Organization\",\"@id\":\"https:\/\/mibsa-trucking.com\/#organization\",\"name\":\"Mibsa Trucking\",\"url\":\"https:\/\/mibsa-trucking.com\/\",\"logo\":{\"@type\":\"ImageObject\",\"inLanguage\":\"en-US\",\"@id\":\"https:\/\/mibsa-trucking.com\/#\/schema\/logo\/image\/\",\"url\":\"https:\/\/mibsa-trucking.com\/wp-content\/uploads\/2025\/11\/cropped-logo-mibsa.webp\",\"contentUrl\":\"https:\/\/mibsa-trucking.com\/wp-content\/uploads\/2025\/11\/cropped-logo-mibsa.webp\",\"width\":500,\"height\":167,\"caption\":\"Mibsa Trucking\"},\"image\":{\"@id\":\"https:\/\/mibsa-trucking.com\/#\/schema\/logo\/image\/\"}}]}<\/script>\n<!-- \/ Yoast SEO plugin. -->","yoast_head_json":{"title":"Blog de Log\u00edstica y Noticias de Transporte en M\u00e9xico","description":"Art\u00edculos y tendencias clave sobre el transporte de carga, normativas y consejos de log\u00edstica para optimizar tu cadena de suministro.","robots":{"index":"index","follow":"follow","max-snippet":"max-snippet:-1","max-image-preview":"max-image-preview:large","max-video-preview":"max-video-preview:-1"},"canonical":"https:\/\/mibsa-trucking.com\/en\/blog\/","og_locale":"en_US","og_type":"article","og_title":"Blog de Log\u00edstica y Noticias de Transporte en M\u00e9xico","og_description":"Art\u00edculos y tendencias clave sobre el transporte de carga, normativas y consejos de log\u00edstica para optimizar tu cadena de suministro.","og_url":"https:\/\/mibsa-trucking.com\/en\/blog\/","og_site_name":"Mibsa Trucking","article_modified_time":"2025-11-21T20:05:46+00:00","og_image":[{"width":512,"height":512,"url":"https:\/\/mibsa-trucking.com\/wp-content\/uploads\/2025\/11\/cropped-logo-mibsa-1.webp","type":"image\/webp"}],"twitter_card":"summary_large_image","twitter_misc":{"Est. reading time":"1 minute"},"schema":{"@context":"https:\/\/schema.org","@graph":[{"@type":"WebPage","@id":"https:\/\/mibsa-trucking.com\/blog\/","url":"https:\/\/mibsa-trucking.com\/blog\/","name":"Blog de Log\u00edstica y Noticias de Transporte en M\u00e9xico","isPartOf":{"@id":"https:\/\/mibsa-trucking.com\/#website"},"primaryImageOfPage":{"@id":"https:\/\/mibsa-trucking.com\/blog\/#primaryimage"},"image":{"@id":"https:\/\/mibsa-trucking.com\/blog\/#primaryimage"},"thumbnailUrl":"https:\/\/mibsa-trucking.com\/wp-content\/uploads\/2025\/11\/cropped-logo-mibsa-1.webp","datePublished":"2025-11-01T23:45:09+00:00","dateModified":"2025-11-21T20:05:46+00:00","description":"Art\u00edculos y tendencias clave sobre el transporte de carga, normativas y consejos de log\u00edstica para optimizar tu cadena de suministro.","breadcrumb":{"@id":"https:\/\/mibsa-trucking.com\/blog\/#breadcrumb"},"inLanguage":"en-US","potentialAction":[{"@type":"ReadAction","target":["https:\/\/mibsa-trucking.com\/blog\/"]}]},{"@type":"ImageObject","inLanguage":"en-US","@id":"https:\/\/mibsa-trucking.com\/blog\/#primaryimage","url":"https:\/\/mibsa-trucking.com\/wp-content\/uploads\/2025\/11\/cropped-logo-mibsa-1.webp","contentUrl":"https:\/\/mibsa-trucking.com\/wp-content\/uploads\/2025\/11\/cropped-logo-mibsa-1.webp","width":512,"height":512,"caption":"Logo mibsa trucking"},{"@type":"BreadcrumbList","@id":"https:\/\/mibsa-trucking.com\/blog\/#breadcrumb","itemListElement":[{"@type":"ListItem","position":1,"name":"Inicio","item":"https:\/\/mibsa-trucking.com\/"},{"@type":"ListItem","position":2,"name":"Blog"}]},{"@type":"WebSite","@id":"https:\/\/mibsa-trucking.com\/#website","url":"https:\/\/mibsa-trucking.com\/","name":"Mibsa Trucking","description":"","publisher":{"@id":"https:\/\/mibsa-trucking.com\/#organization"},"potentialAction":[{"@type":"SearchAction","target":{"@type":"EntryPoint","urlTemplate":"https:\/\/mibsa-trucking.com\/?s={search_term_string}"},"query-input":{"@type":"PropertyValueSpecification","valueRequired":true,"valueName":"search_term_string"}}],"inLanguage":"en-US"},{"@type":"Organization","@id":"https:\/\/mibsa-trucking.com\/#organization","name":"Mibsa Trucking","url":"https:\/\/mibsa-trucking.com\/","logo":{"@type":"ImageObject","inLanguage":"en-US","@id":"https:\/\/mibsa-trucking.com\/#\/schema\/logo\/image\/","url":"https:\/\/mibsa-trucking.com\/wp-content\/uploads\/2025\/11\/cropped-logo-mibsa.webp","contentUrl":"https:\/\/mibsa-trucking.com\/wp-content\/uploads\/2025\/11\/cropped-logo-mibsa.webp","width":500,"height":167,"caption":"Mibsa Trucking"},"image":{"@id":"https:\/\/mibsa-trucking.com\/#\/schema\/logo\/image\/"}}]}},"_links":{"self":[{"href":"https:\/\/mibsa-trucking.com\/en\/wp-json\/wp\/v2\/pages\/198","targetHints":{"allow":["GET"]}}],"collection":[{"href":"https:\/\/mibsa-trucking.com\/en\/wp-json\/wp\/v2\/pages"}],"about":[{"href":"https:\/\/mibsa-trucking.com\/en\/wp-json\/wp\/v2\/types\/page"}],"author":[{"embeddable":true,"href":"https:\/\/mibsa-trucking.com\/en\/wp-json\/wp\/v2\/users\/1"}],"replies":[{"embeddable":true,"href":"https:\/\/mibsa-trucking.com\/en\/wp-json\/wp\/v2\/comments?post=198"}],"version-history":[{"count":40,"href":"https:\/\/mibsa-trucking.com\/en\/wp-json\/wp\/v2\/pages\/198\/revisions"}],"predecessor-version":[{"id":363,"href":"https:\/\/mibsa-trucking.com\/en\/wp-json\/wp\/v2\/pages\/198\/revisions\/363"}],"wp:featuredmedia":[{"embeddable":true,"href":"https:\/\/mibsa-trucking.com\/en\/wp-json\/wp\/v2\/media\/327"}],"wp:attachment":[{"href":"https:\/\/mibsa-trucking.com\/en\/wp-json\/wp\/v2\/media?parent=198"}],"curies":[{"name":"wp","href":"https:\/\/api.w.org\/{rel}","templated":true}]}}