{"id":211,"date":"2025-11-01T17:50:30","date_gmt":"2025-11-01T23:50:30","guid":{"rendered":"https:\/\/mibsa-trucking.com\/?page_id=211"},"modified":"2025-11-21T14:05:56","modified_gmt":"2025-11-21T20:05:56","slug":"contacto","status":"publish","type":"page","link":"https:\/\/mibsa-trucking.com\/en\/contacto\/","title":{"rendered":"Contact"},"content":{"rendered":"<div data-elementor-type=\"wp-page\" data-elementor-id=\"211\" class=\"elementor elementor-211\" data-elementor-post-type=\"page\">\n\t\t\t\t<div class=\"elementor-element elementor-element-658ba67 e-flex e-con-boxed e-con e-parent\" data-id=\"658ba67\" data-element_type=\"container\" data-settings=\"{&quot;background_background&quot;:&quot;classic&quot;}\">\n\t\t\t\t\t<div class=\"e-con-inner\">\n\t\t<div class=\"elementor-element elementor-element-529b1ab e-con-full e-flex e-con e-child\" data-id=\"529b1ab\" data-element_type=\"container\">\n\t\t\t\t<div class=\"elementor-element elementor-element-83e1b36 eael-dual-header-content-align-left elementor-widget__width-initial elementor-widget elementor-widget-eael-dual-color-header\" data-id=\"83e1b36\" data-element_type=\"widget\" data-widget_type=\"eael-dual-color-header.default\">\n\t\t\t\t\t\t\t\t<div class=\"eael-dual-header\">\n\t\t\t\t<h2 class=\"title eael-dch-title translation-block\"><span class=\"eael-dch-title-text eael-dch-title-lead lead solid-color\">Need<\/span> <span class=\"eael-dch-title-text\">help?<\/span><\/h2>\t\t\t\t\t<span class=\"eael-dch-svg-icon\"><\/span>\t\t\t\t\t\t\t<\/div>\n\n\t\t\t\t\t\t<\/div>\n\t\t\t\t<div class=\"elementor-element elementor-element-130e278 elementor-widget__width-initial elementor-widget-mobile__width-initial elementor-fixed elementor-hidden-desktop elementor-hidden-tablet elementor-widget elementor-widget-image\" data-id=\"130e278\" data-element_type=\"widget\" data-settings=\"{&quot;_position&quot;:&quot;fixed&quot;}\" data-widget_type=\"image.default\">\n\t\t\t\t\t\t\t\t\t\t\t\t\t\t\t<img fetchpriority=\"high\" decoding=\"async\" width=\"700\" height=\"500\" src=\"https:\/\/mibsa-trucking.com\/wp-content\/uploads\/2025\/11\/IMG_9490.webp\" class=\"attachment-large size-large wp-image-553\" alt=\"\" srcset=\"https:\/\/mibsa-trucking.com\/wp-content\/uploads\/2025\/11\/IMG_9490.webp 700w, https:\/\/mibsa-trucking.com\/wp-content\/uploads\/2025\/11\/IMG_9490-300x214.webp 300w, https:\/\/mibsa-trucking.com\/wp-content\/uploads\/2025\/11\/IMG_9490-18x12.webp 18w\" sizes=\"(max-width: 700px) 100vw, 700px\" \/>\t\t\t\t\t\t\t\t\t\t\t\t\t\t\t<\/div>\n\t\t\t\t<\/div>\n\t\t<div class=\"elementor-element elementor-element-91aaa68 e-con-full e-flex e-con e-child\" data-id=\"91aaa68\" data-element_type=\"container\">\n\t\t\t\t<div class=\"elementor-element elementor-element-c70f81a elementor-widget elementor-widget-heading\" data-id=\"c70f81a\" data-element_type=\"widget\" data-widget_type=\"heading.default\">\n\t\t\t\t\t<h2 class=\"elementor-heading-title elementor-size-default\">Contact us<\/h2>\t\t\t\t<\/div>\n\t\t\t\t<div class=\"elementor-element elementor-element-220754e elementor-button-align-stretch elementor-widget elementor-widget-form\" data-id=\"220754e\" data-element_type=\"widget\" data-settings=\"{&quot;button_width&quot;:&quot;40&quot;,&quot;step_next_label&quot;:&quot;Enviar mensaje&quot;,&quot;step_previous_label&quot;:&quot;Regresar&quot;,&quot;step_type&quot;:&quot;number_text&quot;,&quot;step_icon_shape&quot;:&quot;circle&quot;}\" data-widget_type=\"form.default\">\n\t\t\t\t\t\t\t<form class=\"elementor-form\" method=\"post\" name=\"Nuevo formulario\" aria-label=\"Nuevo formulario\" action=\"\">\n\t\t\t<input type=\"hidden\" name=\"post_id\" value=\"211\"\/>\n\t\t\t<input type=\"hidden\" name=\"form_id\" value=\"220754e\"\/>\n\t\t\t<input type=\"hidden\" name=\"referer_title\" value=\"Contacto y Cotizaciones de Transporte en M\u00e9xico | Mibsa\" \/>\n\n\t\t\t\t\t\t\t<input type=\"hidden\" name=\"queried_id\" value=\"211\"\/>\n\t\t\t\n\t\t\t<div class=\"elementor-form-fields-wrapper elementor-labels-above\">\n\t\t\t\t\t\t\t\t<div class=\"elementor-field-type-text elementor-field-group elementor-column elementor-field-group-nombre elementor-col-100 elementor-field-required\">\n\t\t\t\t\t\t\t\t\t\t\t\t<label for=\"form-field-nombre\" class=\"elementor-field-label\">\n\t\t\t\t\t\t\t\tFull Name\t\t\t\t\t\t\t<\/label>\n\t\t\t\t\t\t\t\t\t\t\t\t\t\t<input size=\"1\" type=\"text\" name=\"form_fields[nombre]\" id=\"form-field-nombre\" class=\"elementor-field elementor-size-lg  elementor-field-textual\" placeholder=\"Luis Duarte Castro\" required=\"required\">\n\t\t\t\t\t\t\t\t\t\t\t<\/div>\n\t\t\t\t\t\t\t\t<div class=\"elementor-field-type-email elementor-field-group elementor-column elementor-field-group-email elementor-col-100 elementor-field-required\">\n\t\t\t\t\t\t\t\t\t\t\t\t<label for=\"form-field-email\" class=\"elementor-field-label\">\n\t\t\t\t\t\t\t\tmail\t\t\t\t\t\t\t<\/label>\n\t\t\t\t\t\t\t\t\t\t\t\t\t\t<input size=\"1\" type=\"email\" name=\"form_fields[email]\" id=\"form-field-email\" class=\"elementor-field elementor-size-lg  elementor-field-textual\" placeholder=\"luisdc@gmail.com\" required=\"required\">\n\t\t\t\t\t\t\t\t\t\t\t<\/div>\n\t\t\t\t\t\t\t\t<div class=\"elementor-field-type-tel elementor-field-group elementor-column elementor-field-group-field_2d03c84 elementor-col-100 elementor-field-required\">\n\t\t\t\t\t\t\t\t\t\t\t\t<label for=\"form-field-field_2d03c84\" class=\"elementor-field-label\">\n\t\t\t\t\t\t\t\tphone number\t\t\t\t\t\t\t<\/label>\n\t\t\t\t\t\t\t\t<input size=\"1\" type=\"tel\" name=\"form_fields[field_2d03c84]\" id=\"form-field-field_2d03c84\" class=\"elementor-field elementor-size-lg  elementor-field-textual\" placeholder=\"477 123 4567\" required=\"required\" pattern=\"[0-9()#&amp;+*-=.]+\" title=\"Only numbers and phone characters (#, -, *, etc) are accepted.\">\n\n\t\t\t\t\t\t<\/div>\n\t\t\t\t\t\t\t\t<div class=\"elementor-field-type-textarea elementor-field-group elementor-column elementor-field-group-message elementor-col-100 elementor-field-required\">\n\t\t\t\t\t\t\t\t\t\t\t\t<label for=\"form-field-message\" class=\"elementor-field-label\">\n\t\t\t\t\t\t\t\tMessage\t\t\t\t\t\t\t<\/label>\n\t\t\t\t\t\t<textarea class=\"elementor-field-textual elementor-field  elementor-size-lg\" name=\"form_fields[message]\" id=\"form-field-message\" rows=\"4\" placeholder=\"Describe your request\" required=\"required\"><\/textarea>\t\t\t\t<\/div>\n\t\t\t\t\t\t\t\t<div class=\"elementor-field-type-recaptcha elementor-field-group elementor-column elementor-field-group-field_f639523 elementor-col-100\">\n\t\t\t\t\t<div class=\"elementor-field\" id=\"form-field-field_f639523\"><div class=\"elementor-g-recaptcha\" data-sitekey=\"6LekMxIsAAAAAFNmenC6dY8fxlpvZuTk7rnQe9IS\" data-type=\"v2_checkbox\" data-theme=\"light\" data-size=\"normal\"><\/div><\/div>\t\t\t\t<\/div>\n\t\t\t\t\t\t\t\t<div class=\"elementor-field-group elementor-column elementor-field-type-submit elementor-col-40 e-form__buttons\">\n\t\t\t\t\t<button class=\"elementor-button elementor-size-sm elementor-animation-grow\" type=\"submit\">\n\t\t\t\t\t\t<span class=\"elementor-button-content-wrapper\">\n\t\t\t\t\t\t\t\t\t\t\t\t\t\t\t\t\t\t\t\t\t\t<span class=\"elementor-button-text\">Send message<\/span>\n\t\t\t\t\t\t\t\t\t\t\t\t\t<\/span>\n\t\t\t\t\t<\/button>\n\t\t\t\t<\/div>\n\t\t\t<\/div>\n\t\t<input type=\"hidden\" name=\"trp-form-language\" value=\"en\"\/><\/form>\n\t\t\t\t\t\t<\/div>\n\t\t\t\t<\/div>\n\t\t\t\t<div class=\"elementor-element elementor-element-4bb86c8 elementor-widget__width-initial elementor-widget-tablet__width-initial elementor-fixed elementor-hidden-mobile elementor-widget elementor-widget-image\" data-id=\"4bb86c8\" data-element_type=\"widget\" data-settings=\"{&quot;_position&quot;:&quot;fixed&quot;}\" data-widget_type=\"image.default\">\n\t\t\t\t\t\t\t\t\t\t\t\t\t\t\t<img decoding=\"async\" width=\"700\" height=\"500\" src=\"https:\/\/mibsa-trucking.com\/wp-content\/uploads\/2025\/11\/IMG_9490.webp\" class=\"attachment-full size-full wp-image-553\" alt=\"\" srcset=\"https:\/\/mibsa-trucking.com\/wp-content\/uploads\/2025\/11\/IMG_9490.webp 700w, https:\/\/mibsa-trucking.com\/wp-content\/uploads\/2025\/11\/IMG_9490-300x214.webp 300w, https:\/\/mibsa-trucking.com\/wp-content\/uploads\/2025\/11\/IMG_9490-18x12.webp 18w\" sizes=\"(max-width: 700px) 100vw, 700px\" \/>\t\t\t\t\t\t\t\t\t\t\t\t\t\t\t<\/div>\n\t\t\t\t\t<\/div>\n\t\t\t\t<\/div>\n\t\t\t\t<\/div>","protected":false},"excerpt":{"rendered":"<p>\u00bfNecesitas ayuda? Contactanos<\/p>","protected":false},"author":1,"featured_media":327,"parent":0,"menu_order":0,"comment_status":"closed","ping_status":"closed","template":"","meta":{"site-sidebar-layout":"no-sidebar","site-content-layout":"","ast-site-content-layout":"full-width-container","site-content-style":"default","site-sidebar-style":"default","ast-global-header-display":"","ast-banner-title-visibility":"","ast-main-header-display":"","ast-hfb-above-header-display":"","ast-hfb-below-header-display":"","ast-hfb-mobile-header-display":"","site-post-title":"","ast-breadcrumbs-content":"","ast-featured-img":"disabled","footer-sml-layout":"","theme-transparent-header-meta":"","adv-header-id-meta":"","stick-header-meta":"","header-above-stick-meta":"","header-main-stick-meta":"","header-below-stick-meta":"","astra-migrate-meta-layouts":"default","ast-page-background-enabled":"default","ast-page-background-meta":{"desktop":{"background-color":"var(--ast-global-color-5)","background-image":"","background-repeat":"repeat","background-position":"center center","background-size":"auto","background-attachment":"scroll","background-type":"","background-media":"","overlay-type":"","overlay-color":"","overlay-opacity":"","overlay-gradient":""},"tablet":{"background-color":"","background-image":"","background-repeat":"repeat","background-position":"center center","background-size":"auto","background-attachment":"scroll","background-type":"","background-media":"","overlay-type":"","overlay-color":"","overlay-opacity":"","overlay-gradient":""},"mobile":{"background-color":"","background-image":"","background-repeat":"repeat","background-position":"center center","background-size":"auto","background-attachment":"scroll","background-type":"","background-media":"","overlay-type":"","overlay-color":"","overlay-opacity":"","overlay-gradient":""}},"ast-content-background-meta":{"desktop":{"background-color":"var(--ast-global-color-4)","background-image":"","background-repeat":"repeat","background-position":"center center","background-size":"auto","background-attachment":"scroll","background-type":"","background-media":"","overlay-type":"","overlay-color":"","overlay-opacity":"","overlay-gradient":""},"tablet":{"background-color":"var(--ast-global-color-4)","background-image":"","background-repeat":"repeat","background-position":"center center","background-size":"auto","background-attachment":"scroll","background-type":"","background-media":"","overlay-type":"","overlay-color":"","overlay-opacity":"","overlay-gradient":""},"mobile":{"background-color":"var(--ast-global-color-4)","background-image":"","background-repeat":"repeat","background-position":"center center","background-size":"auto","background-attachment":"scroll","background-type":"","background-media":"","overlay-type":"","overlay-color":"","overlay-opacity":"","overlay-gradient":""}},"footnotes":""},"class_list":["post-211","page","type-page","status-publish","has-post-thumbnail","hentry"],"yoast_head":"<!-- This site is optimized with the Yoast SEO plugin v26.4 - https:\/\/yoast.com\/wordpress\/plugins\/seo\/ -->\n<title>Contacto y Cotizaciones de Transporte en M\u00e9xico | Mibsa<\/title>\n<meta name=\"description\" content=\"\u00bfNecesitas una cotizaci\u00f3n inmediata para carga automotriz o industrial? Env\u00edanos un mensaje a trav\u00e9s de nuestro formulario o ll\u00e1manos.\" \/>\n<meta name=\"robots\" content=\"index, follow, max-snippet:-1, max-image-preview:large, max-video-preview:-1\" \/>\n<link rel=\"canonical\" href=\"https:\/\/mibsa-trucking.com\/en\/contacto\/\" \/>\n<meta property=\"og:locale\" content=\"en_US\" \/>\n<meta property=\"og:type\" content=\"article\" \/>\n<meta property=\"og:title\" content=\"Contacto y Cotizaciones de Transporte en M\u00e9xico | Mibsa\" \/>\n<meta property=\"og:description\" content=\"\u00bfNecesitas una cotizaci\u00f3n inmediata para carga automotriz o industrial? Env\u00edanos un mensaje a trav\u00e9s de nuestro formulario o ll\u00e1manos.\" \/>\n<meta property=\"og:url\" content=\"https:\/\/mibsa-trucking.com\/en\/contacto\/\" \/>\n<meta property=\"og:site_name\" content=\"Mibsa Trucking\" \/>\n<meta property=\"article:modified_time\" content=\"2025-11-21T20:05:56+00:00\" \/>\n<meta property=\"og:image\" content=\"https:\/\/mibsa-trucking.com\/wp-content\/uploads\/2025\/11\/cropped-logo-mibsa-1.webp\" \/>\n\t<meta property=\"og:image:width\" content=\"512\" \/>\n\t<meta property=\"og:image:height\" content=\"512\" \/>\n\t<meta property=\"og:image:type\" content=\"image\/webp\" \/>\n<meta name=\"twitter:card\" content=\"summary_large_image\" \/>\n<meta name=\"twitter:label1\" content=\"Est. reading time\" \/>\n\t<meta name=\"twitter:data1\" content=\"1 minute\" \/>\n<script type=\"application\/ld+json\" class=\"yoast-schema-graph\">{\"@context\":\"https:\/\/schema.org\",\"@graph\":[{\"@type\":\"WebPage\",\"@id\":\"https:\/\/mibsa-trucking.com\/contacto\/\",\"url\":\"https:\/\/mibsa-trucking.com\/contacto\/\",\"name\":\"Contacto y Cotizaciones de Transporte en M\u00e9xico | Mibsa\",\"isPartOf\":{\"@id\":\"https:\/\/mibsa-trucking.com\/#website\"},\"primaryImageOfPage\":{\"@id\":\"https:\/\/mibsa-trucking.com\/contacto\/#primaryimage\"},\"image\":{\"@id\":\"https:\/\/mibsa-trucking.com\/contacto\/#primaryimage\"},\"thumbnailUrl\":\"https:\/\/mibsa-trucking.com\/wp-content\/uploads\/2025\/11\/cropped-logo-mibsa-1.webp\",\"datePublished\":\"2025-11-01T23:50:30+00:00\",\"dateModified\":\"2025-11-21T20:05:56+00:00\",\"description\":\"\u00bfNecesitas una cotizaci\u00f3n inmediata para carga automotriz o industrial? Env\u00edanos un mensaje a trav\u00e9s de nuestro formulario o ll\u00e1manos.\",\"breadcrumb\":{\"@id\":\"https:\/\/mibsa-trucking.com\/contacto\/#breadcrumb\"},\"inLanguage\":\"en-US\",\"potentialAction\":[{\"@type\":\"ReadAction\",\"target\":[\"https:\/\/mibsa-trucking.com\/contacto\/\"]}]},{\"@type\":\"ImageObject\",\"inLanguage\":\"en-US\",\"@id\":\"https:\/\/mibsa-trucking.com\/contacto\/#primaryimage\",\"url\":\"https:\/\/mibsa-trucking.com\/wp-content\/uploads\/2025\/11\/cropped-logo-mibsa-1.webp\",\"contentUrl\":\"https:\/\/mibsa-trucking.com\/wp-content\/uploads\/2025\/11\/cropped-logo-mibsa-1.webp\",\"width\":512,\"height\":512,\"caption\":\"Logo mibsa trucking\"},{\"@type\":\"BreadcrumbList\",\"@id\":\"https:\/\/mibsa-trucking.com\/contacto\/#breadcrumb\",\"itemListElement\":[{\"@type\":\"ListItem\",\"position\":1,\"name\":\"Inicio\",\"item\":\"https:\/\/mibsa-trucking.com\/\"},{\"@type\":\"ListItem\",\"position\":2,\"name\":\"Contacto\"}]},{\"@type\":\"WebSite\",\"@id\":\"https:\/\/mibsa-trucking.com\/#website\",\"url\":\"https:\/\/mibsa-trucking.com\/\",\"name\":\"Mibsa Trucking\",\"description\":\"\",\"publisher\":{\"@id\":\"https:\/\/mibsa-trucking.com\/#organization\"},\"potentialAction\":[{\"@type\":\"SearchAction\",\"target\":{\"@type\":\"EntryPoint\",\"urlTemplate\":\"https:\/\/mibsa-trucking.com\/?s={search_term_string}\"},\"query-input\":{\"@type\":\"PropertyValueSpecification\",\"valueRequired\":true,\"valueName\":\"search_term_string\"}}],\"inLanguage\":\"en-US\"},{\"@type\":\"Organization\",\"@id\":\"https:\/\/mibsa-trucking.com\/#organization\",\"name\":\"Mibsa Trucking\",\"url\":\"https:\/\/mibsa-trucking.com\/\",\"logo\":{\"@type\":\"ImageObject\",\"inLanguage\":\"en-US\",\"@id\":\"https:\/\/mibsa-trucking.com\/#\/schema\/logo\/image\/\",\"url\":\"https:\/\/mibsa-trucking.com\/wp-content\/uploads\/2025\/11\/cropped-logo-mibsa.webp\",\"contentUrl\":\"https:\/\/mibsa-trucking.com\/wp-content\/uploads\/2025\/11\/cropped-logo-mibsa.webp\",\"width\":500,\"height\":167,\"caption\":\"Mibsa Trucking\"},\"image\":{\"@id\":\"https:\/\/mibsa-trucking.com\/#\/schema\/logo\/image\/\"}}]}<\/script>\n<!-- \/ Yoast SEO plugin. -->","yoast_head_json":{"title":"Contacto y Cotizaciones de Transporte en M\u00e9xico | Mibsa","description":"\u00bfNecesitas una cotizaci\u00f3n inmediata para carga automotriz o industrial? Env\u00edanos un mensaje a trav\u00e9s de nuestro formulario o ll\u00e1manos.","robots":{"index":"index","follow":"follow","max-snippet":"max-snippet:-1","max-image-preview":"max-image-preview:large","max-video-preview":"max-video-preview:-1"},"canonical":"https:\/\/mibsa-trucking.com\/en\/contacto\/","og_locale":"en_US","og_type":"article","og_title":"Contacto y Cotizaciones de Transporte en M\u00e9xico | Mibsa","og_description":"\u00bfNecesitas una cotizaci\u00f3n inmediata para carga automotriz o industrial? Env\u00edanos un mensaje a trav\u00e9s de nuestro formulario o ll\u00e1manos.","og_url":"https:\/\/mibsa-trucking.com\/en\/contacto\/","og_site_name":"Mibsa Trucking","article_modified_time":"2025-11-21T20:05:56+00:00","og_image":[{"width":512,"height":512,"url":"https:\/\/mibsa-trucking.com\/wp-content\/uploads\/2025\/11\/cropped-logo-mibsa-1.webp","type":"image\/webp"}],"twitter_card":"summary_large_image","twitter_misc":{"Est. reading time":"1 minute"},"schema":{"@context":"https:\/\/schema.org","@graph":[{"@type":"WebPage","@id":"https:\/\/mibsa-trucking.com\/contacto\/","url":"https:\/\/mibsa-trucking.com\/contacto\/","name":"Contacto y Cotizaciones de Transporte en M\u00e9xico | Mibsa","isPartOf":{"@id":"https:\/\/mibsa-trucking.com\/#website"},"primaryImageOfPage":{"@id":"https:\/\/mibsa-trucking.com\/contacto\/#primaryimage"},"image":{"@id":"https:\/\/mibsa-trucking.com\/contacto\/#primaryimage"},"thumbnailUrl":"https:\/\/mibsa-trucking.com\/wp-content\/uploads\/2025\/11\/cropped-logo-mibsa-1.webp","datePublished":"2025-11-01T23:50:30+00:00","dateModified":"2025-11-21T20:05:56+00:00","description":"\u00bfNecesitas una cotizaci\u00f3n inmediata para carga automotriz o industrial? Env\u00edanos un mensaje a trav\u00e9s de nuestro formulario o ll\u00e1manos.","breadcrumb":{"@id":"https:\/\/mibsa-trucking.com\/contacto\/#breadcrumb"},"inLanguage":"en-US","potentialAction":[{"@type":"ReadAction","target":["https:\/\/mibsa-trucking.com\/contacto\/"]}]},{"@type":"ImageObject","inLanguage":"en-US","@id":"https:\/\/mibsa-trucking.com\/contacto\/#primaryimage","url":"https:\/\/mibsa-trucking.com\/wp-content\/uploads\/2025\/11\/cropped-logo-mibsa-1.webp","contentUrl":"https:\/\/mibsa-trucking.com\/wp-content\/uploads\/2025\/11\/cropped-logo-mibsa-1.webp","width":512,"height":512,"caption":"Logo mibsa trucking"},{"@type":"BreadcrumbList","@id":"https:\/\/mibsa-trucking.com\/contacto\/#breadcrumb","itemListElement":[{"@type":"ListItem","position":1,"name":"Inicio","item":"https:\/\/mibsa-trucking.com\/"},{"@type":"ListItem","position":2,"name":"Contacto"}]},{"@type":"WebSite","@id":"https:\/\/mibsa-trucking.com\/#website","url":"https:\/\/mibsa-trucking.com\/","name":"Mibsa Trucking","description":"","publisher":{"@id":"https:\/\/mibsa-trucking.com\/#organization"},"potentialAction":[{"@type":"SearchAction","target":{"@type":"EntryPoint","urlTemplate":"https:\/\/mibsa-trucking.com\/?s={search_term_string}"},"query-input":{"@type":"PropertyValueSpecification","valueRequired":true,"valueName":"search_term_string"}}],"inLanguage":"en-US"},{"@type":"Organization","@id":"https:\/\/mibsa-trucking.com\/#organization","name":"Mibsa Trucking","url":"https:\/\/mibsa-trucking.com\/","logo":{"@type":"ImageObject","inLanguage":"en-US","@id":"https:\/\/mibsa-trucking.com\/#\/schema\/logo\/image\/","url":"https:\/\/mibsa-trucking.com\/wp-content\/uploads\/2025\/11\/cropped-logo-mibsa.webp","contentUrl":"https:\/\/mibsa-trucking.com\/wp-content\/uploads\/2025\/11\/cropped-logo-mibsa.webp","width":500,"height":167,"caption":"Mibsa Trucking"},"image":{"@id":"https:\/\/mibsa-trucking.com\/#\/schema\/logo\/image\/"}}]}},"_links":{"self":[{"href":"https:\/\/mibsa-trucking.com\/en\/wp-json\/wp\/v2\/pages\/211","targetHints":{"allow":["GET"]}}],"collection":[{"href":"https:\/\/mibsa-trucking.com\/en\/wp-json\/wp\/v2\/pages"}],"about":[{"href":"https:\/\/mibsa-trucking.com\/en\/wp-json\/wp\/v2\/types\/page"}],"author":[{"embeddable":true,"href":"https:\/\/mibsa-trucking.com\/en\/wp-json\/wp\/v2\/users\/1"}],"replies":[{"embeddable":true,"href":"https:\/\/mibsa-trucking.com\/en\/wp-json\/wp\/v2\/comments?post=211"}],"version-history":[{"count":40,"href":"https:\/\/mibsa-trucking.com\/en\/wp-json\/wp\/v2\/pages\/211\/revisions"}],"predecessor-version":[{"id":632,"href":"https:\/\/mibsa-trucking.com\/en\/wp-json\/wp\/v2\/pages\/211\/revisions\/632"}],"wp:featuredmedia":[{"embeddable":true,"href":"https:\/\/mibsa-trucking.com\/en\/wp-json\/wp\/v2\/media\/327"}],"wp:attachment":[{"href":"https:\/\/mibsa-trucking.com\/en\/wp-json\/wp\/v2\/media?parent=211"}],"curies":[{"name":"wp","href":"https:\/\/api.w.org\/{rel}","templated":true}]}}